{"id":77,"date":"2020-05-15T14:05:23","date_gmt":"2020-05-15T14:05:23","guid":{"rendered":"http:\/\/moac-music.de\/?page_id=77"},"modified":"2020-05-15T14:35:56","modified_gmt":"2020-05-15T14:35:56","slug":"rezessionen","status":"publish","type":"page","link":"https:\/\/moac-music.de\/?page_id=77","title":{"rendered":"G\u00e4stebuch"},"content":{"rendered":"\n<p>Ihr habt Monkey on a car live gesehen? Oder habt uns gebucht?<\/p>\n\n\n\n<p>Dann lasst uns hier doch gerne ein Feedback da:<\/p>\n\n\n<div class=\"gwolle-gb\"><div class=\"gwolle-gb-messages-top-container\"><\/div>\n\t\t\t<div class=\"gwolle-gb-write-button\">\n\t\t\t\t<input type=\"button\" name=\"gwolle-gb-write-button\" class=\"button btn btn-default \" value=\"Neuen Eintrag schreiben\" aria-expanded=\"false\" \/>\n\t\t\t<\/div>\n\t\t\t<form action=\"#\" method=\"POST\" class=\"gwolle-gb-write gwolle-gb-hide gwolle-gb-float gwolle-gb-form-ajax gwolle-gb-ajax gwolle-gb-not-logged-in\">\n\t\t\t\t<h3>Einen neuen Eintrag f\u00fcr das G\u00e4stebuch schreiben<\/h3>\n\t\t\t\t<button type=\"button\" class=\"gb-notice-dismiss\">x<span class=\"screen-reader-text\">Dieses Formular ausblenden<\/span><\/button>\n\t\t\t\n\t\t\t\t<input type=\"hidden\" name=\"gwolle_gb_function\" class=\"gwolle_gb_function\" value=\"add_entry\" \/><input type=\"hidden\" name=\"gwolle_gb_book_id\" class=\"gwolle_gb_book_id\" value=\"1\" \/><div class=\"gwolle_gb_521e2cdc7dd0497a70a8ad11fba769fb\">\n\t\t\t\t<div class=\"label\"><label for=\"gwolle_gb_521e2cdc7dd0497a70a8ad11fba769fb-1\" class=\"text-info\">Name <span class=\"required\">*<\/span><\/label><\/div>\n\t\t\t\t<div class=\"input\"><input class=\"wp-exclude-emoji gwolle_gb_521e2cdc7dd0497a70a8ad11fba769fb\" value=\"\" type=\"text\" id=\"gwolle_gb_521e2cdc7dd0497a70a8ad11fba769fb-1\" name=\"gwolle_gb_521e2cdc7dd0497a70a8ad11fba769fb\" required \/><\/div>\n\t\t\t\t<div class=\"clearBoth\">&nbsp;<\/div>\n\t\t\t<\/div><div class=\"gwolle_gb_f4141143bae18a0594a599307baca93d\">\n\t\t\t\t<div class=\"label\"><label for=\"gwolle_gb_f4141143bae18a0594a599307baca93d-1\" class=\"text-info\">E-Mail <span class=\"required\">*<\/span><\/label><\/div>\n\t\t\t\t<div class=\"input\"><input class=\"gwolle_gb_f4141143bae18a0594a599307baca93d\" value=\"\" type=\"email\" id=\"gwolle_gb_f4141143bae18a0594a599307baca93d-1\" name=\"gwolle_gb_f4141143bae18a0594a599307baca93d\" required \/><\/div>\n\t\t\t\t<div class=\"clearBoth\">&nbsp;<\/div>\n\t\t\t<\/div>\n\t\t\t<div class=\"gwolle_gb_9fed9ab9ba0d8e5faba980c0a3e98cc1\" style=\"display:none;overflow:hidden;\" hidden=\"true\" aria-hidden=\"true\">\n\t\t\t\t<div class=\"label\">\n\t\t\t\t\t<label for=\"gwolle_gb_9fed9ab9ba0d8e5faba980c0a3e98cc1-1\" class=\"text-primary\">Hier nichts eingeben<\/label>\n\t\t\t\t\t<label for=\"gwolle_gb_c9ac4fa2e198cc71f958a04a3aa6773c-1\" class=\"text-primary\">Hier nichts eingeben<\/label>\n\t\t\t\t<\/div>\n\t\t\t\t<div class=\"input\">\n\t\t\t\t\t<input value=\"70\" type=\"text\" id=\"gwolle_gb_9fed9ab9ba0d8e5faba980c0a3e98cc1-1\" name=\"gwolle_gb_9fed9ab9ba0d8e5faba980c0a3e98cc1\" class=\"gwolle_gb_9fed9ab9ba0d8e5faba980c0a3e98cc1\" style=\"transform: translateY(10000px);\" \/>\n\t\t\t\t\t<input value=\"\" type=\"text\" name=\"gwolle_gb_c9ac4fa2e198cc71f958a04a3aa6773c\" id=\"gwolle_gb_c9ac4fa2e198cc71f958a04a3aa6773c-1\" class=\"gwolle_gb_c9ac4fa2e198cc71f958a04a3aa6773c\" style=\"transform: translateY(10000px);\" \/>\n\t\t\t\t<\/div>\n\t\t\t\t<div class=\"clearBoth\"><\/div>\n\t\t\t<\/div>\n\t\t\t<div class=\"gwolle_gb_77c1c4f7e13fa1896336dac4b92fc78b\" style=\"display:none;overflow:hidden;\" hidden=\"true\" aria-hidden=\"true\">\n\t\t\t\t<div class=\"label\">\n\t\t\t\t\t<label for=\"gwolle_gb_77c1c4f7e13fa1896336dac4b92fc78b-1\" class=\"text-primary\">Hier nichts eingeben<\/label>\n\t\t\t\t\t<label for=\"gwolle_gb_249993c6def37a41afae2aa19b926ea4-1\" class=\"text-primary\">Hier nichts eingeben<\/label>\n\t\t\t\t<\/div>\n\t\t\t\t<div class=\"input\">\n\t\t\t\t\t<input value=\"45856\" type=\"text\" id=\"gwolle_gb_77c1c4f7e13fa1896336dac4b92fc78b-1\" name=\"gwolle_gb_77c1c4f7e13fa1896336dac4b92fc78b\" class=\"gwolle_gb_77c1c4f7e13fa1896336dac4b92fc78b\" style=\"transform: translateY(10000px);\" \/>\n\t\t\t\t\t<input value=\"45856\" type=\"text\"id=\"gwolle_gb_249993c6def37a41afae2aa19b926ea4-1\" name=\"gwolle_gb_249993c6def37a41afae2aa19b926ea4\" class=\"gwolle_gb_249993c6def37a41afae2aa19b926ea4\" style=\"transform: translateY(10000px);\" \/>\n\t\t\t\t<\/div>\n\t\t\t\t<div class=\"clearBoth\"><\/div>\n\t\t\t<\/div><div class=\"gwolle_gb_content\">\n\t\t\t\t<div class=\"label\"><label for=\"gwolle_gb_content-1\" class=\"text-info\">G\u00e4stebucheintrag <span class=\"required\">*<\/span><\/label><\/div>\n\t\t\t\t<div class=\"input\"><textarea id=\"gwolle_gb_content-1\" name=\"gwolle_gb_content\" class=\"gwolle_gb_content wp-exclude-emoji\" required ><\/textarea><\/div>\n\t\t\t\t\t<div class=\"clearBoth\">&nbsp;<\/div>\n\t\t\t\t<\/div><input type=\"hidden\" class=\"gwolle_gb_a609adddb5bc4039307bdf390857c496\" id=\"gwolle_gb_a609adddb5bc4039307bdf390857c496-1\" name=\"gwolle_gb_a609adddb5bc4039307bdf390857c496\" value=\"6a6d2b9133\" \/>\n\t\t\t<div class=\"gwolle-gb-messages-bottom-container\"><\/div>\n\n\t\t\t<noscript><div class=\"no-js\">Warnung: Dieses Formular kann nur verwendet werden, wenn in deinem Browser JavaScript aktiviert ist.<\/div><\/noscript>\n\n\t\t\t<div class=\"gwolle_gb_submit gwolle-gb-submit\">\n\t\t\t\t<div class=\"label gwolle-gb-invisible text-muted\">&nbsp;<\/div>\n\t\t\t\t<div class=\"input\">\n\t\t\t\t\t<input type=\"submit\" name=\"gwolle_gb_submit\" class=\"gwolle_gb_submit button btn btn-primary \" value=\"Absenden\" \/>\n\t\t\t\t\t<span class=\"gwolle_gb_submit_ajax_icon gwolle-gb-submit-ajax-icon\"><\/span>\n\t\t\t\n\t\t\t\t<\/div>\n\t\t\t\t<div class=\"clearBoth\">&nbsp;<\/div>\n\t\t\t<\/div>\n\n\t\t\t<div class=\"gwolle_gb_notice gwolle-gb-notice\">\n\t\t\t\tMit * gekennzeichnete Felder sind erforderlich.<br \/>\r\nDeine E-Mail-Adresse wird nicht ver\u00f6ffentlicht.<br \/>\r\nEs ist m\u00f6glich, dass dein Eintrag im G\u00e4stebuch erst sichtbar ist, nachdem wir ihn \u00fcberpr\u00fcft haben.<br \/>\r\nWir behalten uns vor, Eintr\u00e4ge zu bearbeiten, zu l\u00f6schen oder nicht zu ver\u00f6ffentlichen.\n\t\t\t<\/div><\/form><div class=\"gwolle-gb-read gwolle-gb-ajax gwolle-gb-entries-list\" data-book_id=\"1\">(Noch keine Eintr\u00e4ge)<\/div><\/div>\n\n\n\n<p><\/p>\n","protected":false},"excerpt":{"rendered":"<p>Ihr habt Monkey on a car live gesehen? Oder habt uns gebucht? Dann lasst uns hier doch gerne ein Feedback da:<\/p>\n","protected":false},"author":1,"featured_media":0,"parent":0,"menu_order":0,"comment_status":"closed","ping_status":"closed","template":"","meta":{"footnotes":""},"class_list":["post-77","page","type-page","status-publish","hentry"],"_links":{"self":[{"href":"https:\/\/moac-music.de\/index.php?rest_route=\/wp\/v2\/pages\/77","targetHints":{"allow":["GET"]}}],"collection":[{"href":"https:\/\/moac-music.de\/index.php?rest_route=\/wp\/v2\/pages"}],"about":[{"href":"https:\/\/moac-music.de\/index.php?rest_route=\/wp\/v2\/types\/page"}],"author":[{"embeddable":true,"href":"https:\/\/moac-music.de\/index.php?rest_route=\/wp\/v2\/users\/1"}],"replies":[{"embeddable":true,"href":"https:\/\/moac-music.de\/index.php?rest_route=%2Fwp%2Fv2%2Fcomments&post=77"}],"version-history":[{"count":4,"href":"https:\/\/moac-music.de\/index.php?rest_route=\/wp\/v2\/pages\/77\/revisions"}],"predecessor-version":[{"id":88,"href":"https:\/\/moac-music.de\/index.php?rest_route=\/wp\/v2\/pages\/77\/revisions\/88"}],"wp:attachment":[{"href":"https:\/\/moac-music.de\/index.php?rest_route=%2Fwp%2Fv2%2Fmedia&parent=77"}],"curies":[{"name":"wp","href":"https:\/\/api.w.org\/{rel}","templated":true}]}}