{"id":43,"date":"2020-05-15T12:12:15","date_gmt":"2020-05-15T12:12:15","guid":{"rendered":"http:\/\/moac-music.de\/?page_id=43"},"modified":"2020-05-25T09:00:38","modified_gmt":"2020-05-25T09:00:38","slug":"kontakt-und-buchung","status":"publish","type":"page","link":"https:\/\/moac-music.de\/?page_id=43","title":{"rendered":"Kontakt und Buchung"},"content":{"rendered":"\n<p class=\"has-medium-font-size\"><strong>Unsere Angebote f\u00fcr euch:<\/strong><\/p>\n\n\n\n<div class=\"wp-block-columns is-layout-flex wp-container-core-columns-is-layout-9d6595d7 wp-block-columns-is-layout-flex\">\n<div class=\"wp-block-column is-layout-flow wp-block-column-is-layout-flow\" style=\"flex-basis:33.33%\">\n<p class=\"has-normal-font-size\"><strong>Live Musik<\/strong><\/p>\n<\/div>\n\n\n\n<div class=\"wp-block-column is-layout-flow wp-block-column-is-layout-flow\" style=\"flex-basis:66.66%\">\n<p>Egal ob Gro\u00dfveranstaltung oder Gartenparty. Wir planen mit euch das optimal angepasste Paket. Dabei pr\u00e4sentieren wir Songs f\u00fcr jeden Geschmack und lassen uns gerne auf W\u00fcnsche ein.<\/p>\n<\/div>\n<\/div>\n\n\n\n<div class=\"wp-block-columns is-layout-flex wp-container-core-columns-is-layout-9d6595d7 wp-block-columns-is-layout-flex\">\n<div class=\"wp-block-column is-layout-flow wp-block-column-is-layout-flow\" style=\"flex-basis:33.33%\">\n<p><strong>DJ<\/strong><\/p>\n<\/div>\n\n\n\n<div class=\"wp-block-column is-layout-flow wp-block-column-is-layout-flow\" style=\"flex-basis:66.66%\">\n<p>Unsere beliebteste Kombination! Gerade auf privaten Festen wie Hochzeiten und Geburtstagen, buchen unsere Kunden gerne das Paket Live-Musik mit anschlie\u00dfender DJ-Performance. Hierzu beraten wir euch gerne und freuen uns eure Party unvergesslich zu machen. <\/p>\n<\/div>\n<\/div>\n\n\n\n<div class=\"wp-block-columns is-layout-flex wp-container-core-columns-is-layout-9d6595d7 wp-block-columns-is-layout-flex\">\n<div class=\"wp-block-column is-layout-flow wp-block-column-is-layout-flow\" style=\"flex-basis:33.33%\">\n<p><strong>Vermietung<\/strong><\/p>\n<\/div>\n\n\n\n<div class=\"wp-block-column is-layout-flow wp-block-column-is-layout-flow\" style=\"flex-basis:66.66%\">\n<p>Hier unsere Angebote zum Equipmentverleih:<br>Lichtbalken inkl. Strober &amp; Farbeffekte &#8211; 70\u20ac<br>Passive RCF-Boxen inkl. Verst\u00e4rker &#8211; 100\u20ac<\/p>\n<\/div>\n<\/div>\n\n\n\n<p class=\"has-normal-font-size\">F\u00fcr individuelle Anfragen stehen wir gerne zur Verf\u00fcgung.<\/p>\n\n\n\n<div class=\"wp-block-columns is-layout-flex wp-container-core-columns-is-layout-9d6595d7 wp-block-columns-is-layout-flex\">\n<div class=\"wp-block-column is-layout-flow wp-block-column-is-layout-flow\" style=\"flex-basis:33.33%\">\n<figure class=\"wp-block-gallery columns-1 is-cropped wp-block-gallery-1 is-layout-flex wp-block-gallery-is-layout-flex\"><ul class=\"blocks-gallery-grid\"><li class=\"blocks-gallery-item\"><figure><img loading=\"lazy\" decoding=\"async\" width=\"145\" height=\"147\" src=\"http:\/\/moac-music.de\/wp-content\/uploads\/2020\/05\/Logo-gro\u00df.jpg\" alt=\"\" data-id=\"74\" data-full-url=\"http:\/\/moac-music.de\/wp-content\/uploads\/2020\/05\/Logo-gro\u00df.jpg\" data-link=\"http:\/\/moac-music.de\/?attachment_id=74\" class=\"wp-image-74\" srcset=\"https:\/\/moac-music.de\/wp-content\/uploads\/2020\/05\/Logo-gro\u00df.jpg 145w, https:\/\/moac-music.de\/wp-content\/uploads\/2020\/05\/Logo-gro\u00df-100x100.jpg 100w\" sizes=\"auto, (max-width: 145px) 100vw, 145px\" \/><\/figure><\/li><\/ul><\/figure>\n<\/div>\n\n\n\n<div class=\"wp-block-column is-layout-flow wp-block-column-is-layout-flow\" style=\"flex-basis:66.66%\">\n<p><strong>Kontakt<\/strong><br>Monkey on a car<br><a href=\"mailto:info@moac-music.de\" target=\"_blank\" rel=\"noreferrer noopener\">info@moac-music.de<\/a><br>0152-38767193<\/p>\n<\/div>\n<\/div>\n\n\n\n<p><\/p>\n\n\n\n<p><\/p>\n","protected":false},"excerpt":{"rendered":"<p>Unsere Angebote f\u00fcr euch: Live Musik Egal ob Gro\u00dfveranstaltung oder Gartenparty. Wir planen mit euch das optimal angepasste Paket. Dabei pr\u00e4sentieren wir Songs f\u00fcr jeden Geschmack und lassen uns gerne auf W\u00fcnsche ein. DJ Unsere beliebteste Kombination! Gerade auf privaten Festen wie Hochzeiten und Geburtstagen, buchen unsere Kunden gerne das Paket Live-Musik mit anschlie\u00dfender DJ-Performance. &hellip; <\/p>\n<p class=\"link-more\"><a href=\"https:\/\/moac-music.de\/?page_id=43\" class=\"more-link\"><span class=\"screen-reader-text\">\u201eKontakt und Buchung\u201c <\/span>weiterlesen<\/a><\/p>\n","protected":false},"author":1,"featured_media":0,"parent":0,"menu_order":0,"comment_status":"closed","ping_status":"closed","template":"","meta":{"footnotes":""},"class_list":["post-43","page","type-page","status-publish","hentry"],"_links":{"self":[{"href":"https:\/\/moac-music.de\/index.php?rest_route=\/wp\/v2\/pages\/43","targetHints":{"allow":["GET"]}}],"collection":[{"href":"https:\/\/moac-music.de\/index.php?rest_route=\/wp\/v2\/pages"}],"about":[{"href":"https:\/\/moac-music.de\/index.php?rest_route=\/wp\/v2\/types\/page"}],"author":[{"embeddable":true,"href":"https:\/\/moac-music.de\/index.php?rest_route=\/wp\/v2\/users\/1"}],"replies":[{"embeddable":true,"href":"https:\/\/moac-music.de\/index.php?rest_route=%2Fwp%2Fv2%2Fcomments&post=43"}],"version-history":[{"count":5,"href":"https:\/\/moac-music.de\/index.php?rest_route=\/wp\/v2\/pages\/43\/revisions"}],"predecessor-version":[{"id":93,"href":"https:\/\/moac-music.de\/index.php?rest_route=\/wp\/v2\/pages\/43\/revisions\/93"}],"wp:attachment":[{"href":"https:\/\/moac-music.de\/index.php?rest_route=%2Fwp%2Fv2%2Fmedia&parent=43"}],"curies":[{"name":"wp","href":"https:\/\/api.w.org\/{rel}","templated":true}]}}