{"id":32,"date":"2020-05-15T12:08:12","date_gmt":"2020-05-15T12:08:12","guid":{"rendered":"http:\/\/moac-music.de\/?page_id=32"},"modified":"2020-05-15T13:07:41","modified_gmt":"2020-05-15T13:07:41","slug":"startseite","status":"publish","type":"page","link":"https:\/\/moac-music.de\/","title":{"rendered":"Startseite"},"content":{"rendered":"\n<p>Was bieten wir an?<\/p>\n\n\n\n<p>Wir sind eine 2-k\u00f6pfige Coverband mit Songs aus verschiedenen Genres sowie Jahrzehnten.<\/p>\n\n\n\n<p>Wir bieten musikalische Untermalung und Unterhaltung als Band sowie als DJ-Duo an. Darunter z\u00e4hlt ein Auftritt mit kr\u00e4ftigem Equipment um eine gro\u00dfe Veranstaltung zu unterhalten, oder eine lockere Accoustic-Session um eine Gartenparty in Gang zu bringen.<\/p>\n\n\n\n<p>Um mehr von uns zu sehen, folgt uns bei <a href=\"https:\/\/www.instagram.com\/monkey.on.a.car\/\" target=\"_blank\" rel=\"noreferrer noopener\">Instagram<\/a>, <a href=\"https:\/\/www.facebook.com\/Monkey-on-a-car-107494754303216\" target=\"_blank\" rel=\"noreferrer noopener\">Facebook<\/a> und <a href=\"https:\/\/www.youtube.com\/channel\/UCHdK--7Dx0yx999IB1nOzTA\" target=\"_blank\" rel=\"noreferrer noopener\">Youtube<\/a><\/p>\n\n\n\n<figure class=\"wp-block-gallery columns-3 is-cropped wp-block-gallery-1 is-layout-flex wp-block-gallery-is-layout-flex\"><ul class=\"blocks-gallery-grid\"><li class=\"blocks-gallery-item\"><figure><img loading=\"lazy\" decoding=\"async\" width=\"1024\" height=\"768\" src=\"http:\/\/moac-music.de\/wp-content\/uploads\/2020\/05\/IMG-20190605-WA0017-1024x768.jpg\" alt=\"\" data-id=\"15\" data-full-url=\"http:\/\/moac-music.de\/wp-content\/uploads\/2020\/05\/IMG-20190605-WA0017.jpg\" data-link=\"http:\/\/moac-music.de\/?attachment_id=15\" class=\"wp-image-15\" srcset=\"https:\/\/moac-music.de\/wp-content\/uploads\/2020\/05\/IMG-20190605-WA0017-1024x768.jpg 1024w, https:\/\/moac-music.de\/wp-content\/uploads\/2020\/05\/IMG-20190605-WA0017-300x225.jpg 300w, https:\/\/moac-music.de\/wp-content\/uploads\/2020\/05\/IMG-20190605-WA0017-768x576.jpg 768w, https:\/\/moac-music.de\/wp-content\/uploads\/2020\/05\/IMG-20190605-WA0017-1536x1152.jpg 1536w, https:\/\/moac-music.de\/wp-content\/uploads\/2020\/05\/IMG-20190605-WA0017-1200x900.jpg 1200w, https:\/\/moac-music.de\/wp-content\/uploads\/2020\/05\/IMG-20190605-WA0017-600x450.jpg 600w, https:\/\/moac-music.de\/wp-content\/uploads\/2020\/05\/IMG-20190605-WA0017.jpg 1600w\" sizes=\"auto, (max-width: 767px) 89vw, (max-width: 1000px) 54vw, (max-width: 1071px) 543px, 580px\" \/><\/figure><\/li><li class=\"blocks-gallery-item\"><figure><img loading=\"lazy\" decoding=\"async\" width=\"1024\" height=\"497\" src=\"http:\/\/moac-music.de\/wp-content\/uploads\/2020\/05\/IMG-20190501-WA0028-1024x497.jpg\" alt=\"\" data-id=\"14\" data-full-url=\"http:\/\/moac-music.de\/wp-content\/uploads\/2020\/05\/IMG-20190501-WA0028.jpg\" data-link=\"http:\/\/moac-music.de\/?attachment_id=14\" class=\"wp-image-14\" srcset=\"https:\/\/moac-music.de\/wp-content\/uploads\/2020\/05\/IMG-20190501-WA0028-1024x497.jpg 1024w, https:\/\/moac-music.de\/wp-content\/uploads\/2020\/05\/IMG-20190501-WA0028-300x146.jpg 300w, https:\/\/moac-music.de\/wp-content\/uploads\/2020\/05\/IMG-20190501-WA0028-768x373.jpg 768w, https:\/\/moac-music.de\/wp-content\/uploads\/2020\/05\/IMG-20190501-WA0028-1536x746.jpg 1536w, https:\/\/moac-music.de\/wp-content\/uploads\/2020\/05\/IMG-20190501-WA0028-1200x583.jpg 1200w, https:\/\/moac-music.de\/wp-content\/uploads\/2020\/05\/IMG-20190501-WA0028-600x291.jpg 600w, https:\/\/moac-music.de\/wp-content\/uploads\/2020\/05\/IMG-20190501-WA0028.jpg 1600w\" sizes=\"auto, (max-width: 767px) 89vw, (max-width: 1000px) 54vw, (max-width: 1071px) 543px, 580px\" \/><\/figure><\/li><li class=\"blocks-gallery-item\"><figure><img loading=\"lazy\" decoding=\"async\" width=\"1024\" height=\"497\" src=\"http:\/\/moac-music.de\/wp-content\/uploads\/2020\/05\/IMG-20190501-WA0026-1024x497.jpg\" alt=\"\" data-id=\"13\" data-full-url=\"http:\/\/moac-music.de\/wp-content\/uploads\/2020\/05\/IMG-20190501-WA0026.jpg\" data-link=\"http:\/\/moac-music.de\/?attachment_id=13\" class=\"wp-image-13\" srcset=\"https:\/\/moac-music.de\/wp-content\/uploads\/2020\/05\/IMG-20190501-WA0026-1024x497.jpg 1024w, https:\/\/moac-music.de\/wp-content\/uploads\/2020\/05\/IMG-20190501-WA0026-300x146.jpg 300w, https:\/\/moac-music.de\/wp-content\/uploads\/2020\/05\/IMG-20190501-WA0026-768x373.jpg 768w, https:\/\/moac-music.de\/wp-content\/uploads\/2020\/05\/IMG-20190501-WA0026-1536x746.jpg 1536w, https:\/\/moac-music.de\/wp-content\/uploads\/2020\/05\/IMG-20190501-WA0026-1200x583.jpg 1200w, https:\/\/moac-music.de\/wp-content\/uploads\/2020\/05\/IMG-20190501-WA0026-600x291.jpg 600w, https:\/\/moac-music.de\/wp-content\/uploads\/2020\/05\/IMG-20190501-WA0026.jpg 1600w\" sizes=\"auto, (max-width: 767px) 89vw, (max-width: 1000px) 54vw, (max-width: 1071px) 543px, 580px\" \/><\/figure><\/li><li class=\"blocks-gallery-item\"><figure><img loading=\"lazy\" decoding=\"async\" width=\"831\" height=\"1024\" src=\"http:\/\/moac-music.de\/wp-content\/uploads\/2020\/05\/IMG-20181208-WA0014-831x1024.jpg\" alt=\"\" data-id=\"12\" data-full-url=\"http:\/\/moac-music.de\/wp-content\/uploads\/2020\/05\/IMG-20181208-WA0014.jpg\" data-link=\"http:\/\/moac-music.de\/?attachment_id=12\" class=\"wp-image-12\" srcset=\"https:\/\/moac-music.de\/wp-content\/uploads\/2020\/05\/IMG-20181208-WA0014-831x1024.jpg 831w, https:\/\/moac-music.de\/wp-content\/uploads\/2020\/05\/IMG-20181208-WA0014-243x300.jpg 243w, https:\/\/moac-music.de\/wp-content\/uploads\/2020\/05\/IMG-20181208-WA0014-768x947.jpg 768w, https:\/\/moac-music.de\/wp-content\/uploads\/2020\/05\/IMG-20181208-WA0014-1246x1536.jpg 1246w, https:\/\/moac-music.de\/wp-content\/uploads\/2020\/05\/IMG-20181208-WA0014-1200x1479.jpg 1200w, https:\/\/moac-music.de\/wp-content\/uploads\/2020\/05\/IMG-20181208-WA0014-600x740.jpg 600w, https:\/\/moac-music.de\/wp-content\/uploads\/2020\/05\/IMG-20181208-WA0014.jpg 1298w\" sizes=\"auto, (max-width: 767px) 89vw, (max-width: 1000px) 54vw, (max-width: 1071px) 543px, 580px\" \/><\/figure><\/li><li class=\"blocks-gallery-item\"><figure><img loading=\"lazy\" decoding=\"async\" width=\"768\" height=\"1024\" src=\"http:\/\/moac-music.de\/wp-content\/uploads\/2020\/05\/IMG_20200421_183943-768x1024.jpg\" alt=\"\" data-id=\"11\" data-full-url=\"http:\/\/moac-music.de\/wp-content\/uploads\/2020\/05\/IMG_20200421_183943-scaled.jpg\" data-link=\"http:\/\/moac-music.de\/?attachment_id=11\" class=\"wp-image-11\" srcset=\"https:\/\/moac-music.de\/wp-content\/uploads\/2020\/05\/IMG_20200421_183943-768x1024.jpg 768w, https:\/\/moac-music.de\/wp-content\/uploads\/2020\/05\/IMG_20200421_183943-225x300.jpg 225w, https:\/\/moac-music.de\/wp-content\/uploads\/2020\/05\/IMG_20200421_183943-1152x1536.jpg 1152w, https:\/\/moac-music.de\/wp-content\/uploads\/2020\/05\/IMG_20200421_183943-1536x2048.jpg 1536w, https:\/\/moac-music.de\/wp-content\/uploads\/2020\/05\/IMG_20200421_183943-1200x1600.jpg 1200w, https:\/\/moac-music.de\/wp-content\/uploads\/2020\/05\/IMG_20200421_183943-600x800.jpg 600w, https:\/\/moac-music.de\/wp-content\/uploads\/2020\/05\/IMG_20200421_183943-scaled.jpg 1920w\" sizes=\"auto, (max-width: 767px) 89vw, (max-width: 1000px) 54vw, (max-width: 1071px) 543px, 580px\" \/><\/figure><\/li><\/ul><\/figure>\n","protected":false},"excerpt":{"rendered":"<p>Was bieten wir an? Wir sind eine 2-k\u00f6pfige Coverband mit Songs aus verschiedenen Genres sowie Jahrzehnten. Wir bieten musikalische Untermalung und Unterhaltung als Band sowie als DJ-Duo an. Darunter z\u00e4hlt ein Auftritt mit kr\u00e4ftigem Equipment um eine gro\u00dfe Veranstaltung zu unterhalten, oder eine lockere Accoustic-Session um eine Gartenparty in Gang zu bringen. Um mehr von &hellip; <\/p>\n<p class=\"link-more\"><a href=\"https:\/\/moac-music.de\/\" class=\"more-link\"><span class=\"screen-reader-text\">\u201eStartseite\u201c <\/span>weiterlesen<\/a><\/p>\n","protected":false},"author":1,"featured_media":0,"parent":0,"menu_order":0,"comment_status":"closed","ping_status":"closed","template":"","meta":{"footnotes":""},"class_list":["post-32","page","type-page","status-publish","hentry"],"_links":{"self":[{"href":"https:\/\/moac-music.de\/index.php?rest_route=\/wp\/v2\/pages\/32","targetHints":{"allow":["GET"]}}],"collection":[{"href":"https:\/\/moac-music.de\/index.php?rest_route=\/wp\/v2\/pages"}],"about":[{"href":"https:\/\/moac-music.de\/index.php?rest_route=\/wp\/v2\/types\/page"}],"author":[{"embeddable":true,"href":"https:\/\/moac-music.de\/index.php?rest_route=\/wp\/v2\/users\/1"}],"replies":[{"embeddable":true,"href":"https:\/\/moac-music.de\/index.php?rest_route=%2Fwp%2Fv2%2Fcomments&post=32"}],"version-history":[{"count":4,"href":"https:\/\/moac-music.de\/index.php?rest_route=\/wp\/v2\/pages\/32\/revisions"}],"predecessor-version":[{"id":68,"href":"https:\/\/moac-music.de\/index.php?rest_route=\/wp\/v2\/pages\/32\/revisions\/68"}],"wp:attachment":[{"href":"https:\/\/moac-music.de\/index.php?rest_route=%2Fwp%2Fv2%2Fmedia&parent=32"}],"curies":[{"name":"wp","href":"https:\/\/api.w.org\/{rel}","templated":true}]}}